{"id":1349,"date":"2016-08-20T09:43:33","date_gmt":"2016-08-20T07:43:33","guid":{"rendered":"http:\/\/garcialaso.com\/?page_id=1349"},"modified":"2024-03-21T15:56:07","modified_gmt":"2024-03-21T14:56:07","slug":"curriculum","status":"publish","type":"page","link":"https:\/\/garcialaso.com\/blog\/curriculum\/","title":{"rendered":"Curr\u00edculum Mercedes Garc\u00eda Laso"},"content":{"rendered":"<h2>Psic\u00f3logo cl\u00ednico: psicoterapia y desarrollo personal.<\/h2>\n<p>Soy psic\u00f3loga cl\u00ednica (v\u00eda PIR), experta en dificultades (por bagaje vital y profesional) y me dedico a una psicoterapia donde la escucha hace ver. Autora de los libros \u00ab<a href=\"http:\/\/bit.ly\/libro-minimapas-w\" target=\"_blank\" rel=\"noopener\">Minimapas para tormentas<\/a>\u00bb y \u00ab<a href=\"https:\/\/garcialaso.com\/blog\/libros-mercedes-garcia-laso\/\">La Mente es Software<\/a>\u00bb.<\/p>\n<p>Contacto: mercedes@garcialaso.com; 941 28 94 38 (Extracto <em>curr\u00edculum Mercedes Garc\u00eda Laso<\/em>).<\/p>\n<hr \/>\n<h2>DATOS ACAD\u00c9MICOS:<\/h2>\n<p>\u00b7 2018-2020 M\u00e1ster de la Universidad de Valladolid en <strong>Psicopatolog\u00eda y Cl\u00ednica Psicoanal\u00edtica<\/strong>.<br \/>\n\u00b7 2010-2014 Postgrado de 4 a\u00f1os en <strong>Psicoterapia Integrativa y Gestalt<\/strong> en Escuela de Psicoterapia S\u00edntesis (dirigido por Carmen Gasc\u00f3n Quintana; con criterios AETG y FEAP) y formaci\u00f3n en \u00abTerapia Gestalt: teor\u00eda y metodolog\u00eda\u00bb (690 horas).<br \/>\n\u00b7 2007-2010 <strong>Especialidad en Psicolog\u00eda Cl\u00ednica<\/strong> (n\u00ba1 en examen de acceso a PIR de 2007).<br \/>\n\u00b7 2007-2008 Periodo docente de Programa de Doctorado. Facultad de Medicina de la Univ. de Zaragoza.<br \/>\n\u00b7 2002-2006 Licenciatura en <strong>Psicolog\u00eda<\/strong> por la Universidad de Salamanca.<br \/>\n\u00b7 1994-1999 Licenciatura en <strong>Farmacia<\/strong> por la Universidad de Navarra (entre los cinco mejores expedientes).<\/p>\n<hr \/>\n<h2>EXPERIENCIA:<\/h2>\n<p>&#8211; 2014-2015 Facilitadora de talleres y grupos del Programa de <strong>Atenci\u00f3n Integral a Mujeres con Discapacidad<\/strong> de CEMUDIS-COCEMFE en La Rioja (febrero-noviembre 2014; febrero 2015-diciembre\u00a02015)<br \/>\n&#8211; 2013 Psic\u00f3loga Cl\u00ednica, <strong>consulta privada: psicoterapia y desarrollo personal<\/strong> (febrero 2013-actualidad)<br \/>\n&#8211; 2011-2012 Psic\u00f3loga Cl\u00ednica, <strong>Servicio Riojano de Salud<\/strong>, Red de Salud Mental (febrero 2011-agosto 2012)<br \/>\n&#8211; 2007-2010 Psic\u00f3loga Residente de Psicolog\u00eda Cl\u00ednica, <strong>Hospital Universitario Miguel Servet de Zaragoza<\/strong> (12 m en Unidad de Salud Mental, 6m en Unidad Salud Mental Infanto-Juvenil, 3m en Unidad de Corta Estancia, 3m en Psicolog\u00eda de Enlace, 4m en Centro Rehabilitaci\u00f3n Psico-Social).\u00a0Rotaciones externas en:<br \/>\n. Terapia Familiar en el <strong>Hospital Sant Pau<\/strong> de Barcelona (4 meses)<br \/>\n. Hospital de D\u00eda Psiqui\u00e1trico del <strong>Cl\u00ednico Universitario Lozano Blesa<\/strong> de Zaragoza (3 meses)<br \/>\nMiembro del Grupo de Calidad del Servicio de Psiquiatr\u00eda del Hospital U. Miguel Servet<\/p>\n<p>&#8211; Otros:<br \/>\n\u00b7 2005 Miembro de la Comisi\u00f3n de Juventud del CERMI<br \/>\n\u00b7 2004 Voluntariado en la Asociaci\u00f3n Espa\u00f1ola Contra el C\u00e1ncer (julio &#8211; septiembre). Logro\u00f1o.<br \/>\n\u00b7 2002 Beca en Cooperaci\u00f3n al Desarrollo en la Secretar\u00eda General para la Uni\u00f3n Europea y Acci\u00f3n Exterior del Gobierno de La Rioja (enero \u2013 octubre).<br \/>\n\u00b7 2001-2002 Vicepresidenta de ASPACE-Rioja (Asociaci\u00f3n personas con par\u00e1lisis cerebral y familias).<br \/>\n\u00b7 1998-1999 Colaboraci\u00f3n en ONG \u201cCooperaci\u00f3n Universitaria en Salud Ambiental y Desarrollo\u201d. Pamplona.<br \/>\n\u00b7 1997-1998 Alumna interna en la Unidad de Garant\u00eda de Calidad del Centro de Investigaciones en Farmacolog\u00eda Aplicada (7 meses). Pamplona.<br \/>\n\u00b7 1997 Colaboraci\u00f3n administrativa Unidad de Par\u00e1lisis Cerebral de Maryland (6 semanas)<\/p>\n<hr \/>\n<h2>CURSOS Y JORNADAS:<\/h2>\n<p>&#8211; \u201cTerapia basada en la mentalizaci\u00f3n para trastorno grave de la personalidad\u201d impartido por Peter Fonagy; \u201cTerapia metacognitiva interpersonal para trastornos de la personalidad\u201d impartido por Giancarlo Dimaggio; y \u201cXVIII Jornadas ANPIR. La Salud en Mente: Avanzando Juntos\u201d; actividades acreditadas respectivamente con 0.6, con 0.4 y con 1.3 cr\u00e9ditos por la Comisi\u00f3n de Formaci\u00f3n Continuada de las Profesiones Sanitarias de Arag\u00f3n. Zaragoza, mayo 2018.<br \/>\n&#8211; Curso Introducci\u00f3n al Modelo Din\u00e1mico Relacional, \u00c1gora Relacional, acreditaci\u00f3n de formaci\u00f3n continuada para las profesiones sanitarias de la Comunidad Aut\u00f3noma de Madrid (6 cr\u00e9ditos equivalentes a ECTS; 100h on-line, 50 h trabajo pr\u00e1ctico, 12 presenciales. Octubre 2017-enero 2018)<br \/>\n&#8211; Formaci\u00f3n Continuada Profesiones Sanitarias Acreditada: Intervenci\u00f3n Sist\u00e9mica Breve en Problemas Infantiles, Mark Beyebach (10h, 1.54 cr\u00e9ditos, 2014). La Psicopatololog\u00eda a trav\u00e9s del cine, Centro Psicoanal\u00edtico del Norte (25h, 2.84 cr\u00e9ditos, 2014). Relaci\u00f3n Padres e hijos, Centro Psicoanal\u00edtico del Norte (27.5h, 4.5 cr\u00e9ditos, 2015). Violencias, Centro Psicoanal\u00edtico del Norte (20h; 3.5 cr\u00e9ditos acreditados por el Consejo Vasco de Formaci\u00f3n Continuada de las Profesiones Sanitarias; 2016). Conceptos base en psicoan\u00e1lisis, Centro Psicoanal\u00edtico del Norte (30h, 2017). Acompa\u00f1ando la muerte y el duelo (2,48 cr\u00e9ditos, Comisi\u00f3n Formaci\u00f3n Continuada, Rioja Salud, 2012).<br \/>\n&#8211; Cursos 2009 del Centro de Rehabilitaci\u00f3n Psicosocial N\u00aa Sra. del Pilar (Servicio Aragon\u00e9s de Salud): Introducci\u00f3n a la Terapia Familiar (Rodriguez-Arias Palomo; 44h); Neuropsicolog\u00eda (J.Tirapu y col.; 45h); Introducci\u00f3n al Rorschach, Sistema Exner (10h, Sociedad Aragonesa de Psicolog\u00eda Cl\u00ednica).<br \/>\n&#8211; Cursos 2007-2008 del Centro de Rehabilitaci\u00f3n Psicosocial N\u00aa Sra. del Pilar (Servicio Aragon\u00e9s de Salud): Terapia de aceptaci\u00f3n y compromiso (M. Carmen Luciano; 30 h); Nuevos desarrollos en Psicoterapia (Jose Luis Lillo Espinosa, Jose Luis Rodr\u00edguez-Arias Palomo, Ana Mart\u00ednez Calvo; 50 h); Terapia Cognitivo-conductual II (Grupo Luria de Madrid; 72 h).<br \/>\n&#8211; Programa SAT auspiciado por el Dr. Claudio Naranjo: Introducci\u00f3n a la Psicolog\u00eda de los Eneatipos (45h; dirigido por Antonio Pacheco y Montserrat Coll; mayo de 2008); Primer nivel (90h; dirigido por Suzana Stroke; julio de 2008); Segundo nivel (90h; Vicens Olive, Andr\u00e9s Waksman, Consuelo Trujillo; agosto 2015). Tercer nivel (90h; Claudio Naranjo, Ginetta Pacella, Grazia Cecchini, Assumpta Mateu, I\u00f1aki Zapira\u00edn, Amor Hern\u00e1ndez, Gerardo Ortiz y Ana de Armas; agosto 2016).<br \/>\n&#8211; Curso \u201cEl ello, lo b\u00e1sico de m\u00ed\u201d impartido por Carmen V\u00e1zquez Band\u00edn, 15h (Logro\u00f1o, 27 y 28 de mayo de 2017).<br \/>\n&#8211; Jornada de di\u00e1logos entre Medicinas: tratamiento de las adicciones con las medicinas tradicionales. Departamento de Salud de la Generalitat de Catalu\u00f1a (31 de octubre de 2009); Seminario internacional sobre estados expandidos de consciencia, desarrollo humano y psicoterapia (200h; Fundaci\u00f3n J.M. Fericgla; avalado por Universidad de Caldas -Colombia, Instituto Andino de Etnofarmacognosia y Colegio Europeo para el Estudio de la Consciencia -Alemania).<br \/>\n&#8211; Jornadas terapias creativas (3 cr\u00e9ditos reconocidos por Departamento de Educaci\u00f3n del Gob de Arag\u00f3n. Mayo 2011); El teatro como recurso educativo (90h, Ayuntamiento de Salamanca, enero-marzo de 2005); Taller de teatro (\u201cAct\u00faa Teatro\u201d, Salamanca, curso 2004-2005)<br \/>\n&#8211; Habilidades sociales en psiquiatr\u00eda (22h, Universidad de Salamanca, marzo de 2004); Terapia Sist\u00e9mica Breve: Terapia de Pareja (22h, Universidad de Salamanca, marzo de 2003);<br \/>\n&#8211; Programa Superior de Marketing Online (Club de Marketing de La Rioja y la Consejer\u00eda de Educaci\u00f3n de La Rioja) 7\/10 a 2\/12 del 2016. 74h. Gesti\u00f3n de blogs. Fundaci\u00f3n UNED. 250h, del 14\/11\/16 al 20\/01\/17.<br \/>\n&#8211; Congreso Europeo sobre las Personas con Discapacidad (20-23 de marzo de 2002, Madrid); Jornadas sobre dependencia (Direcci\u00f3n General de Servicios Sociales, Comunidad Aut\u00f3noma de La Rioja).<br \/>\n&#8211; Gesti\u00f3n de Entidades sin \u00c1nimo de lucro (40 h, Federaci\u00f3n Riojana de Voluntariado); Marco jur\u00eddico de las Organizaciones No Lucrativas 25 h, Marketing Institucional 25 h, Habilidades Directivas 25 h (Portal Solidario); Escuela de Verano de Asociaciones Juveniles 2001 (Confederaci\u00f3n Don Bosco); Jornadas sobre Voluntariado Social en La Rioja 1999. Cooperaci\u00f3n al Desarrollo (30 h, Universidad de Navarra).<br \/>\n&#8211; Preparaci\u00f3n de oposici\u00f3n para Farmac\u00e9utico de Atenci\u00f3n Primaria (febrero 2000-febrero 2001). Abandonada por modificaci\u00f3n de la normativa de la convocatoria.<\/p>\n<hr \/>\n<h2>COMUNICACIONES:<\/h2>\n<p>&#8211; Comunicaciones en relaci\u00f3n al libro Minimapas para Tormentas: http:\/\/bit.ly\/libro-minimapas-w.<br \/>\n&#8211; Art\u00edculo en la revista anual de la Asociaci\u00f3n Estatal de Terapia Gestalt 2015: \u201cLo dif\u00edcil\u2026 qu\u00e9 es realmente lo dif\u00edcil?\u201d.<br \/>\n&#8211; Taller en las Jornadas de la Universidad de La Rioja 2014 \u201cCuerpo de Mujer: Cuestionando la norma desde la discapacidad\u201d.<br \/>\n&#8211; Ponente en la Jornadas \u201cReconstruirnos por dentro\u201d organizada por el Tel\u00e9fono de la Esperanza (Universidad de La Rioja, octubre 2014).<br \/>\n&#8211; P\u00f3ster: de Juan Y., Escudero A., Garc\u00eda M., D\u00eda JL. y \u00c1lvarez I. La evoluci\u00f3n de la capacidad de abstracci\u00f3n en un grupo de estimulaci\u00f3n cognitiva y emocional en planta de agudos. En XIV Curso anual sobre esquizofrenia: Psicosis: Comunicaci\u00f3n, motivaci\u00f3n y cambio\u00bb, 26-28 de Noviembre del 2009. Madrid.<br \/>\n&#8211; P\u00f3ster: Escudero A, de Juan Y, Garc\u00eda M, D\u00eda JL y \u00c1lvarez I. An\u00e1lisis descriptivo de la intervenci\u00f3n grupal en una Unidad de Agudos. estimulaci\u00f3n cognitiva y emocional. En XIV Curso anual sobre esquizofrenia: Psicosis: Comunicaci\u00f3n, motivaci\u00f3n y cambio\u00bb, 26-28 de Noviembre del 2009. Madrid.<br \/>\n&#8211; Comunicaci\u00f3n libre en las XIV Jornadas de Psiquiatr\u00eda del Hospital Universitario Miguel Servet \u201cPsicoterapia en los servicios p\u00fablicos de salud\u201d de noviembre 2008.: \u00bfPor qu\u00e9 la Psicoterapia de Grupo en las Plantas de Agudos?<br \/>\n&#8211; Poster: de Juan Y, Garc\u00eda M. Estudio descriptivo de los usuarios atendidos en primera consulta psicol\u00f3gica en una unidad de drogodependencias: historia familiar y socioafectiva. En Jornadas 2008 de la Sociedad Aragonesa y Riojana de Psiquiatr\u00eda. Zaragoza, 2008.<br \/>\n&#8211; Discusor-ponente en las XIII Jornadas de Psiquiatr\u00eda del Hospital Universitario Miguel Servet de Zaragoza (diciembre 2007).<br \/>\n&#8211; Ponente en las Jornadas T\u00e9cnicas sobre Par\u00e1lisis Cerebral (Logro\u00f1o, noviembre 2007).<br \/>\n&#8211; Poster: Garc\u00eda M, Gonz\u00e1lez B, de la Fuente Y. Ansiedad en el personal sanitario. En XXVIII Congreso Nacional de Enfermer\u00eda en Cardiolog\u00eda, ganador del premio al mejor Poster Forum. Salamanca, 2007.<br \/>\n&#8211; Ponente en la Jornada \u201cMujer Rural\u201d organizada por el Gobierno de La Rioja (Logro\u00f1o, octubre 2006).<br \/>\n&#8211; Ponente en el \u201cCongreso Regional Educaci\u00f3n y Discapacidad\u201d organizado por la Junta de Castilla y Le\u00f3n (Valladolid, mayo 2006).<br \/>\n&#8211; Ponente en la Jornada \u201cParticipaci\u00f3n Social de la Mujer con Discapacidad\u201d organizadas por ONCE-Rioja el 8 de marzo de 2004.<br \/>\n&#8211; Ponente en la Jornada \u201cMujer con Discapacidad\u201d organizadas por el CERMI-estatal y la Comunidad de Madrid el 11 de noviembre de 2002.<br \/>\n&#8211; Ponente en las Jornadas sobre Discapacidad y Consumo organizadas por el Ministerio de Sanidad y Consumo (Madrid, junio 2001).<\/p>\n<hr \/>\n<h2>OTROS DATOS DE INTER\u00c9S (curr\u00edculum Mercedes Garc\u00eda Laso):<\/h2>\n<p>&#8211; Par\u00e1lisis cerebral (&gt;65%).<br \/>\n&#8211; Carn\u00e9 de conducir B1.<br \/>\n&#8211; Ingl\u00e9s: Nivel medio (banda 7 en \u201cthe International English Language Testing System\u201d, 1999, equivalente al Advance de Cambridge).<br \/>\n&#8211; Franc\u00e9s: Nivel elemental (segundo idioma en los tres cursos de Bachillerato).<br \/>\n&#8211; Premio Excelencia 2007 Diario LA RIOJA &#8211; Galard\u00f3n del Colegio de Psic\u00f3logos de La Rioja 2014 -Diversas apariciones en medios (ejemplo: <a href=\"http:\/\/elpais.com\/diario\/2007\/03\/04\/sociedad\/1172962806_850215.html\" target=\"_blank\" rel=\"noopener\">peri\u00f3dico El Pa\u00eds<\/a> edici\u00f3n impresa).<\/p>\n<p><a href=\"https:\/\/garcialaso.com\/blog\/wp-content\/uploads\/2016\/08\/avatar-garcialaso-psicologo-logrono.jpg\"><img loading=\"lazy\" decoding=\"async\" class=\"aligncenter wp-image-1440 size-medium\" src=\"https:\/\/garcialaso.com\/blog\/wp-content\/uploads\/2016\/08\/avatar-garcialaso-psicologo-logrono-300x290.jpg\" alt=\"Fotograf\u00eda curr\u00edculum Mercedes Garc\u00eda Laso, psic\u00f3logo Logro\u00f1o (psicoterapia, desarrollo personal)\" width=\"300\" height=\"290\" srcset=\"https:\/\/garcialaso.com\/blog\/wp-content\/uploads\/2016\/08\/avatar-garcialaso-psicologo-logrono-300x290.jpg 300w, https:\/\/garcialaso.com\/blog\/wp-content\/uploads\/2016\/08\/avatar-garcialaso-psicologo-logrono-768x744.jpg 768w, https:\/\/garcialaso.com\/blog\/wp-content\/uploads\/2016\/08\/avatar-garcialaso-psicologo-logrono-1024x991.jpg 1024w, https:\/\/garcialaso.com\/blog\/wp-content\/uploads\/2016\/08\/avatar-garcialaso-psicologo-logrono.jpg 1478w\" sizes=\"auto, (max-width: 300px) 100vw, 300px\" \/><\/a><\/p>\n","protected":false},"excerpt":{"rendered":"<p>Psic\u00f3logo cl\u00ednico: psicoterapia y desarrollo personal. Soy psic\u00f3loga cl\u00ednica (v\u00eda PIR), experta en dificultades (por bagaje vital y profesional) y me dedico a una psicoterapia donde la escucha hace ver. Autora de los libros \u00abMinimapas para tormentas\u00bb y \u00abLa Mente es Software\u00bb. Contacto: mercedes@garcialaso.com; 941 28 94 38 (Extracto curr\u00edculum Mercedes Garc\u00eda Laso). DATOS ACAD\u00c9MICOS: &#8230; <a title=\"Curr\u00edculum Mercedes Garc\u00eda Laso\" class=\"read-more\" href=\"https:\/\/garcialaso.com\/blog\/curriculum\/\">Leer m\u00e1s&#8230;<\/a><\/p>\n","protected":false},"author":2,"featured_media":0,"parent":0,"menu_order":0,"comment_status":"open","ping_status":"closed","template":"","meta":{"generate_page_header":"","footnotes":""},"class_list":["post-1349","page","type-page","status-publish"],"yoast_head":"<!-- This site is optimized with the Yoast SEO plugin v26.5 - https:\/\/yoast.com\/wordpress\/plugins\/seo\/ -->\n<title>Curr\u00edculum Mercedes Garc\u00eda Laso, psic\u00f3logo cl\u00ednico (psicoterapia, desarrollo personal)<\/title>\n<meta name=\"description\" content=\"Psicoterapia para peque\u00f1as y grandes dificultades (n\u00ba 1 en el PIR, equivalente al MIR). Autora del libro Minimapas para tormentas. Curriculum detallado.\" \/>\n<meta name=\"robots\" content=\"index, follow, max-snippet:-1, max-image-preview:large, max-video-preview:-1\" \/>\n<link rel=\"canonical\" href=\"https:\/\/garcialaso.com\/blog\/curriculum\/\" \/>\n<meta property=\"og:locale\" content=\"es_ES\" \/>\n<meta property=\"og:type\" content=\"article\" \/>\n<meta property=\"og:title\" content=\"Curr\u00edculum Mercedes Garc\u00eda Laso, psic\u00f3logo cl\u00ednico (psicoterapia, desarrollo personal)\" \/>\n<meta property=\"og:description\" content=\"Psicoterapia para peque\u00f1as y grandes dificultades (n\u00ba 1 en el PIR, equivalente al MIR). Autora del libro Minimapas para tormentas. Curriculum detallado.\" \/>\n<meta property=\"og:url\" content=\"https:\/\/garcialaso.com\/blog\/curriculum\/\" \/>\n<meta property=\"og:site_name\" content=\"Blog Mercedes GarciaLaso | Psic\u00f3logo Logro\u00f1o\" \/>\n<meta property=\"article:publisher\" content=\"https:\/\/www.facebook.com\/mercedesgarcialaso\" \/>\n<meta property=\"article:modified_time\" content=\"2024-03-21T14:56:07+00:00\" \/>\n<meta property=\"og:image\" content=\"https:\/\/garcialaso.com\/blog\/wp-content\/uploads\/2016\/08\/avatar-garcialaso-psicologo-logrono-300x290.jpg\" \/>\n<meta name=\"twitter:card\" content=\"summary_large_image\" \/>\n<meta name=\"twitter:site\" content=\"@garcialaso\" \/>\n<meta name=\"twitter:label1\" content=\"Tiempo de lectura\" \/>\n\t<meta name=\"twitter:data1\" content=\"8 minutos\" \/>\n<script type=\"application\/ld+json\" class=\"yoast-schema-graph\">{\"@context\":\"https:\/\/schema.org\",\"@graph\":[{\"@type\":\"WebPage\",\"@id\":\"https:\/\/garcialaso.com\/blog\/curriculum\/\",\"url\":\"https:\/\/garcialaso.com\/blog\/curriculum\/\",\"name\":\"Curr\u00edculum Mercedes Garc\u00eda Laso, psic\u00f3logo cl\u00ednico (psicoterapia, desarrollo personal)\",\"isPartOf\":{\"@id\":\"https:\/\/garcialaso.com\/blog\/#website\"},\"primaryImageOfPage\":{\"@id\":\"https:\/\/garcialaso.com\/blog\/curriculum\/#primaryimage\"},\"image\":{\"@id\":\"https:\/\/garcialaso.com\/blog\/curriculum\/#primaryimage\"},\"thumbnailUrl\":\"https:\/\/garcialaso.com\/blog\/wp-content\/uploads\/2016\/08\/avatar-garcialaso-psicologo-logrono-300x290.jpg\",\"datePublished\":\"2016-08-20T07:43:33+00:00\",\"dateModified\":\"2024-03-21T14:56:07+00:00\",\"description\":\"Psicoterapia para peque\u00f1as y grandes dificultades (n\u00ba 1 en el PIR, equivalente al MIR). Autora del libro Minimapas para tormentas. Curriculum detallado.\",\"breadcrumb\":{\"@id\":\"https:\/\/garcialaso.com\/blog\/curriculum\/#breadcrumb\"},\"inLanguage\":\"es\",\"potentialAction\":[{\"@type\":\"ReadAction\",\"target\":[\"https:\/\/garcialaso.com\/blog\/curriculum\/\"]}]},{\"@type\":\"ImageObject\",\"inLanguage\":\"es\",\"@id\":\"https:\/\/garcialaso.com\/blog\/curriculum\/#primaryimage\",\"url\":\"https:\/\/garcialaso.com\/blog\/wp-content\/uploads\/2016\/08\/avatar-garcialaso-psicologo-logrono.jpg\",\"contentUrl\":\"https:\/\/garcialaso.com\/blog\/wp-content\/uploads\/2016\/08\/avatar-garcialaso-psicologo-logrono.jpg\",\"width\":1478,\"height\":1431,\"caption\":\"Fotograf\u00eda de Mercedes GarciaLaso, Psic\u00f3logo en Logro\u00f1o\"},{\"@type\":\"BreadcrumbList\",\"@id\":\"https:\/\/garcialaso.com\/blog\/curriculum\/#breadcrumb\",\"itemListElement\":[{\"@type\":\"ListItem\",\"position\":1,\"name\":\"Portada\",\"item\":\"https:\/\/garcialaso.com\/blog\/\"},{\"@type\":\"ListItem\",\"position\":2,\"name\":\"Curr\u00edculum Mercedes Garc\u00eda Laso\"}]},{\"@type\":\"WebSite\",\"@id\":\"https:\/\/garcialaso.com\/blog\/#website\",\"url\":\"https:\/\/garcialaso.com\/blog\/\",\"name\":\"Blog Mercedes GarciaLaso | Psic\u00f3logo Logro\u00f1o\",\"description\":\"Maneja tus peque\u00f1as y grandes dificultades personales creciendo.\",\"publisher\":{\"@id\":\"https:\/\/garcialaso.com\/blog\/#organization\"},\"potentialAction\":[{\"@type\":\"SearchAction\",\"target\":{\"@type\":\"EntryPoint\",\"urlTemplate\":\"https:\/\/garcialaso.com\/blog\/?s={search_term_string}\"},\"query-input\":{\"@type\":\"PropertyValueSpecification\",\"valueRequired\":true,\"valueName\":\"search_term_string\"}}],\"inLanguage\":\"es\"},{\"@type\":\"Organization\",\"@id\":\"https:\/\/garcialaso.com\/blog\/#organization\",\"name\":\"Mercedes Garcialaso Psic\u00f3logo\",\"url\":\"https:\/\/garcialaso.com\/blog\/\",\"logo\":{\"@type\":\"ImageObject\",\"inLanguage\":\"es\",\"@id\":\"https:\/\/garcialaso.com\/blog\/#\/schema\/logo\/image\/\",\"url\":\"https:\/\/garcialaso.com\/blog\/wp-content\/uploads\/2015\/12\/avatar-garcialaso-1.jpg\",\"contentUrl\":\"https:\/\/garcialaso.com\/blog\/wp-content\/uploads\/2015\/12\/avatar-garcialaso-1.jpg\",\"width\":400,\"height\":400,\"caption\":\"Mercedes Garcialaso Psic\u00f3logo\"},\"image\":{\"@id\":\"https:\/\/garcialaso.com\/blog\/#\/schema\/logo\/image\/\"},\"sameAs\":[\"https:\/\/www.facebook.com\/mercedesgarcialaso\",\"https:\/\/x.com\/garcialaso\",\"http:\/\/mercedesgarcialaso\",\"https:\/\/www.linkedin.com\/in\/mercedesgarcialaso\",\"https:\/\/www.youtube.com\/channel\/UCl0dxRjWcEIXx1lQegoai7Q\"]}]}<\/script>\n<!-- \/ Yoast SEO plugin. -->","yoast_head_json":{"title":"Curr\u00edculum Mercedes Garc\u00eda Laso, psic\u00f3logo cl\u00ednico (psicoterapia, desarrollo personal)","description":"Psicoterapia para peque\u00f1as y grandes dificultades (n\u00ba 1 en el PIR, equivalente al MIR). Autora del libro Minimapas para tormentas. Curriculum detallado.","robots":{"index":"index","follow":"follow","max-snippet":"max-snippet:-1","max-image-preview":"max-image-preview:large","max-video-preview":"max-video-preview:-1"},"canonical":"https:\/\/garcialaso.com\/blog\/curriculum\/","og_locale":"es_ES","og_type":"article","og_title":"Curr\u00edculum Mercedes Garc\u00eda Laso, psic\u00f3logo cl\u00ednico (psicoterapia, desarrollo personal)","og_description":"Psicoterapia para peque\u00f1as y grandes dificultades (n\u00ba 1 en el PIR, equivalente al MIR). Autora del libro Minimapas para tormentas. Curriculum detallado.","og_url":"https:\/\/garcialaso.com\/blog\/curriculum\/","og_site_name":"Blog Mercedes GarciaLaso | Psic\u00f3logo Logro\u00f1o","article_publisher":"https:\/\/www.facebook.com\/mercedesgarcialaso","article_modified_time":"2024-03-21T14:56:07+00:00","og_image":[{"url":"https:\/\/garcialaso.com\/blog\/wp-content\/uploads\/2016\/08\/avatar-garcialaso-psicologo-logrono-300x290.jpg","type":"","width":"","height":""}],"twitter_card":"summary_large_image","twitter_site":"@garcialaso","twitter_misc":{"Tiempo de lectura":"8 minutos"},"schema":{"@context":"https:\/\/schema.org","@graph":[{"@type":"WebPage","@id":"https:\/\/garcialaso.com\/blog\/curriculum\/","url":"https:\/\/garcialaso.com\/blog\/curriculum\/","name":"Curr\u00edculum Mercedes Garc\u00eda Laso, psic\u00f3logo cl\u00ednico (psicoterapia, desarrollo personal)","isPartOf":{"@id":"https:\/\/garcialaso.com\/blog\/#website"},"primaryImageOfPage":{"@id":"https:\/\/garcialaso.com\/blog\/curriculum\/#primaryimage"},"image":{"@id":"https:\/\/garcialaso.com\/blog\/curriculum\/#primaryimage"},"thumbnailUrl":"https:\/\/garcialaso.com\/blog\/wp-content\/uploads\/2016\/08\/avatar-garcialaso-psicologo-logrono-300x290.jpg","datePublished":"2016-08-20T07:43:33+00:00","dateModified":"2024-03-21T14:56:07+00:00","description":"Psicoterapia para peque\u00f1as y grandes dificultades (n\u00ba 1 en el PIR, equivalente al MIR). Autora del libro Minimapas para tormentas. Curriculum detallado.","breadcrumb":{"@id":"https:\/\/garcialaso.com\/blog\/curriculum\/#breadcrumb"},"inLanguage":"es","potentialAction":[{"@type":"ReadAction","target":["https:\/\/garcialaso.com\/blog\/curriculum\/"]}]},{"@type":"ImageObject","inLanguage":"es","@id":"https:\/\/garcialaso.com\/blog\/curriculum\/#primaryimage","url":"https:\/\/garcialaso.com\/blog\/wp-content\/uploads\/2016\/08\/avatar-garcialaso-psicologo-logrono.jpg","contentUrl":"https:\/\/garcialaso.com\/blog\/wp-content\/uploads\/2016\/08\/avatar-garcialaso-psicologo-logrono.jpg","width":1478,"height":1431,"caption":"Fotograf\u00eda de Mercedes GarciaLaso, Psic\u00f3logo en Logro\u00f1o"},{"@type":"BreadcrumbList","@id":"https:\/\/garcialaso.com\/blog\/curriculum\/#breadcrumb","itemListElement":[{"@type":"ListItem","position":1,"name":"Portada","item":"https:\/\/garcialaso.com\/blog\/"},{"@type":"ListItem","position":2,"name":"Curr\u00edculum Mercedes Garc\u00eda Laso"}]},{"@type":"WebSite","@id":"https:\/\/garcialaso.com\/blog\/#website","url":"https:\/\/garcialaso.com\/blog\/","name":"Blog Mercedes GarciaLaso | Psic\u00f3logo Logro\u00f1o","description":"Maneja tus peque\u00f1as y grandes dificultades personales creciendo.","publisher":{"@id":"https:\/\/garcialaso.com\/blog\/#organization"},"potentialAction":[{"@type":"SearchAction","target":{"@type":"EntryPoint","urlTemplate":"https:\/\/garcialaso.com\/blog\/?s={search_term_string}"},"query-input":{"@type":"PropertyValueSpecification","valueRequired":true,"valueName":"search_term_string"}}],"inLanguage":"es"},{"@type":"Organization","@id":"https:\/\/garcialaso.com\/blog\/#organization","name":"Mercedes Garcialaso Psic\u00f3logo","url":"https:\/\/garcialaso.com\/blog\/","logo":{"@type":"ImageObject","inLanguage":"es","@id":"https:\/\/garcialaso.com\/blog\/#\/schema\/logo\/image\/","url":"https:\/\/garcialaso.com\/blog\/wp-content\/uploads\/2015\/12\/avatar-garcialaso-1.jpg","contentUrl":"https:\/\/garcialaso.com\/blog\/wp-content\/uploads\/2015\/12\/avatar-garcialaso-1.jpg","width":400,"height":400,"caption":"Mercedes Garcialaso Psic\u00f3logo"},"image":{"@id":"https:\/\/garcialaso.com\/blog\/#\/schema\/logo\/image\/"},"sameAs":["https:\/\/www.facebook.com\/mercedesgarcialaso","https:\/\/x.com\/garcialaso","http:\/\/mercedesgarcialaso","https:\/\/www.linkedin.com\/in\/mercedesgarcialaso","https:\/\/www.youtube.com\/channel\/UCl0dxRjWcEIXx1lQegoai7Q"]}]}},"_links":{"self":[{"href":"https:\/\/garcialaso.com\/blog\/wp-json\/wp\/v2\/pages\/1349","targetHints":{"allow":["GET"]}}],"collection":[{"href":"https:\/\/garcialaso.com\/blog\/wp-json\/wp\/v2\/pages"}],"about":[{"href":"https:\/\/garcialaso.com\/blog\/wp-json\/wp\/v2\/types\/page"}],"author":[{"embeddable":true,"href":"https:\/\/garcialaso.com\/blog\/wp-json\/wp\/v2\/users\/2"}],"replies":[{"embeddable":true,"href":"https:\/\/garcialaso.com\/blog\/wp-json\/wp\/v2\/comments?post=1349"}],"version-history":[{"count":32,"href":"https:\/\/garcialaso.com\/blog\/wp-json\/wp\/v2\/pages\/1349\/revisions"}],"predecessor-version":[{"id":1845,"href":"https:\/\/garcialaso.com\/blog\/wp-json\/wp\/v2\/pages\/1349\/revisions\/1845"}],"wp:attachment":[{"href":"https:\/\/garcialaso.com\/blog\/wp-json\/wp\/v2\/media?parent=1349"}],"curies":[{"name":"wp","href":"https:\/\/api.w.org\/{rel}","templated":true}]}}